{"id":270,"date":"2026-02-15T19:42:08","date_gmt":"2026-02-15T19:42:08","guid":{"rendered":"https:\/\/chachata.vas-webmaster.cz\/?page_id=270"},"modified":"2026-03-24T19:52:49","modified_gmt":"2026-03-24T19:52:49","slug":"kontakt","status":"publish","type":"page","link":"https:\/\/chachata.eu\/en\/kontakt\/","title":{"rendered":"Contact"},"content":{"rendered":"<div class='breakdance'><section class=\"bde-section-270-100 bde-section\">\n  \n  \n\t\n\n\n\n<div class=\"section-container\"><h1 class=\"bde-heading-270-101 bde-heading\">\nKontakt\n<\/h1><div class=\"bde-text-270-102 bde-text\">\nM\u00e1te dotazy ohledn\u011b pobytu nebo rezervace? Nev\u00e1hejte n\u00e1s kontaktovat.\n<\/div><\/div>\n<\/section><section class=\"bde-section-270-108 bde-section\">\n  \n  \n\t\n\n\n\n<div class=\"section-container\"><div class=\"bde-div-270-109 bde-div\">\n  \n  \n\t\n\n\n\n<img decoding=\"async\" class=\"bde-image2-270-110 bde-image2\" src=\"https:\/\/chachata.eu\/wp-content\/uploads\/2026\/01\/20251230_082954-scaled.jpg\" loading=\"lazy\" srcset=\"https:\/\/chachata.eu\/wp-content\/uploads\/2026\/01\/20251230_082954-scaled.jpg 2560w, https:\/\/chachata.eu\/wp-content\/uploads\/2026\/01\/20251230_082954-300x225.jpg 300w, https:\/\/chachata.eu\/wp-content\/uploads\/2026\/01\/20251230_082954-1024x768.jpg 1024w, https:\/\/chachata.eu\/wp-content\/uploads\/2026\/01\/20251230_082954-768x576.jpg 768w, https:\/\/chachata.eu\/wp-content\/uploads\/2026\/01\/20251230_082954-1536x1152.jpg 1536w, https:\/\/chachata.eu\/wp-content\/uploads\/2026\/01\/20251230_082954-2048x1536.jpg 2048w\" sizes=\"(max-width: 2560px) 100vw, 2560px\"><div class=\"bde-div-270-112 bde-div\">\n  \n  \n\t\n\n\n\n<h1 class=\"bde-heading-270-116 bde-heading\">\nNapi\u0161te n\u00e1m\n<\/h1><div class=\"bde-form-builder-270-111 bde-form-builder\">\n\n<form id=\"kontaktni-formular111\" class=\"breakdance-form breakdance-form--vertical\" data-options=\"{&quot;slug&quot;:&quot;custom&quot;,&quot;name&quot;:&quot;Kontaktn\\u00ed formul\\u00e1\\u0159&quot;,&quot;ajaxUrl&quot;:&quot;https:\\\/\\\/chachata.eu\\\/wp-admin\\\/admin-ajax.php&quot;,&quot;clearOnSuccess&quot;:true,&quot;hideOnSuccess&quot;:false,&quot;successMessage&quot;:&quot;Va\\u0161e zpr\\u00e1va byla odesl\\u00e1na.&quot;,&quot;errorMessage&quot;:&quot;N\\u011bco se pokazilo.&quot;,&quot;redirect&quot;:false,&quot;redirectUrl&quot;:&quot;&quot;,&quot;customJavaScript&quot;:&quot;&quot;,&quot;recaptcha&quot;:{&quot;key&quot;:&quot;&quot;,&quot;enabled&quot;:false},&quot;honeypot_enabled&quot;:false,&quot;popupsOnSuccess&quot;:[],&quot;popupsOnError&quot;:[]}\" data-steps=\"0\" >\n  \n  \n  \n<div class=\"breakdance-form-field breakdance-form-field--text\" >\n    \n    \n            <label class=\"breakdance-form-field__label\" for=\"jmeno\">\n            Jm\u00e9no<span class=\"breakdance-form-field__required\">*<\/span>\n        <\/label>\n    \n    <input\n    class=\"breakdance-form-field__input\"\n    id=\"jmeno\"\n    aria-describedby=\"jmeno\"\n    type=\"text\"\n    name=\"fields[jmeno]\"\n    placeholder=\"\"\n    value=\"\"\n                \n        \n        \n    required\n    \n    \n    \n>\n\n\n    \n    \n<\/div>\n\n\n<div class=\"breakdance-form-field breakdance-form-field--text\" >\n    \n    \n            <label class=\"breakdance-form-field__label\" for=\"prijmeni\">\n            P\u0159\u00edjmen\u00ed\n        <\/label>\n    \n    <input\n    class=\"breakdance-form-field__input\"\n    id=\"prijmeni\"\n    aria-describedby=\"prijmeni\"\n    type=\"text\"\n    name=\"fields[prijmeni]\"\n    placeholder=\"\"\n    value=\"\"\n                \n        \n        \n    \n    \n    \n    \n>\n\n\n    \n    \n<\/div>\n\n\n<div class=\"breakdance-form-field breakdance-form-field--email\" >\n    \n    \n            <label class=\"breakdance-form-field__label\" for=\"email\">\n            Email<span class=\"breakdance-form-field__required\">*<\/span>\n        <\/label>\n    \n    <input\n    class=\"breakdance-form-field__input\"\n    id=\"email\"\n    aria-describedby=\"email\"\n    type=\"email\"\n    name=\"fields[email]\"\n    placeholder=\"\"\n    value=\"\"\n                \n        \n        \n    required\n    \n    \n    \n>\n\n\n    \n    \n<\/div>\n\n\n<div class=\"breakdance-form-field breakdance-form-field--textarea\" >\n    \n    \n            <label class=\"breakdance-form-field__label\" for=\"zprava\">\n            Va\u0161e zpr\u00e1va<span class=\"breakdance-form-field__required\">*<\/span>\n        <\/label>\n    \n    <textarea\n    class=\"breakdance-form-field__input\"\n    id=\"zprava\"\n    aria-describedby=\"zprava\"\n    type=\"textarea\"\n    name=\"fields[zprava]\"\n        placeholder=\"\"\n    required\n    >\n<\/textarea>\n\n\n    \n    \n<\/div>\n\n\n  \n\n<div class=\"breakdance-form-field breakdance-form-footer\">\n    \n    \n                                    \n    \n    \n    \n    \n            \n            <button type=\"submit\" class=\"button-atom button-atom--primary breakdance-form-button breakdance-form-button__submit\"  >\n    \n        <span class=\"button-atom__text\">Odeslat zpr\u00e1vu<\/span>\n\n        \n        \n            <\/button>\n    \n    <input type=\"hidden\" name=\"form_id\" value=\"111\">\n    <input type=\"hidden\" name=\"post_id\" value=\"270\">\n<\/div>\n\n  \n<\/form>\n\n\n<\/div>\n<\/div>\n<\/div><div class=\"bde-div-270-222 bde-div\">\n  \n  \n\t\n\n\n\n<div class=\"bde-div-270-114 bde-div\">\n  \n  \n\t\n\n\n\n<h1 class=\"bde-heading-270-117 bde-heading\">\nKontaktn\u00ed \u00fadaje\n<\/h1><div class=\"bde-div-270-120 bde-div\">\n  \n  \n\t\n\n\n\n<div class=\"bde-div-270-121 bde-div\">\n  \n  \n\t\n\n\n\n<div class=\"bde-div-270-122 bde-div\">\n  \n  \n\t\n\n\n\n<div class=\"bde-div-270-125 bde-div\">\n  \n  \n\t\n\n\n\n<div class=\"bde-icon-270-123 bde-icon\">\n\n    \n            <div class=\"bde-icon-icon breakdance-icon-atom\" >\n    \n                    <svg xmlns=\"http:\/\/www.w3.org\/2000\/svg\" id=\"icon-phone\" viewBox=\"0 0 32 32\">\n<path d=\"M22 20c-2 2-2 4-4 4s-4-2-6-4-4-4-4-6 2-2 4-4-4-8-6-8-6 6-6 6c0 4 4.109 12.109 8 16s12 8 16 8c0 0 6-4 6-6s-6-8-8-6z\"\/>\n<\/svg>\n        \n        \n        \n            <\/div>\n    \n\n\n<\/div>\n<\/div><a class=\"bde-text-link-270-124 bde-text-link breakdance-link\" href=\"tel:+420608737868\" target=\"_self\" data-type=\"url\">\n  +420 608 737 868\n\n<\/a>\n<\/div>\n<\/div><div class=\"bde-div-270-133 bde-div\">\n  \n  \n\t\n\n\n\n<div class=\"bde-div-270-134 bde-div\">\n  \n  \n\t\n\n\n\n<div class=\"bde-div-270-135 bde-div\">\n  \n  \n\t\n\n\n\n<div class=\"bde-icon-270-136 bde-icon\">\n\n    \n            <div class=\"bde-icon-icon breakdance-icon-atom\" >\n    \n                    <svg xmlns=\"http:\/\/www.w3.org\/2000\/svg\" id=\"icon-envelop\" viewBox=\"0 0 32 32\">\n<path d=\"M29 4h-26c-1.65 0-3 1.35-3 3v20c0 1.65 1.35 3 3 3h26c1.65 0 3-1.35 3-3v-20c0-1.65-1.35-3-3-3zM12.461 17.199l-8.461 6.59v-15.676l8.461 9.086zM5.512 8h20.976l-10.488 7.875-10.488-7.875zM12.79 17.553l3.21 3.447 3.21-3.447 6.58 8.447h-19.579l6.58-8.447zM19.539 17.199l8.461-9.086v15.676l-8.461-6.59z\"\/>\n<\/svg>\n        \n        \n        \n            <\/div>\n    \n\n\n<\/div>\n<\/div><a class=\"bde-text-link-270-143 bde-text-link breakdance-link\" href=\"mailto:chachata@chachata.eu\" target=\"_self\" data-type=\"url\">\n  chachata@chachata.eu\n\n<\/a>\n<\/div>\n<\/div><div class=\"bde-div-270-138 bde-div\">\n  \n  \n\t\n\n\n\n<div class=\"bde-div-270-139 bde-div\">\n  \n  \n\t\n\n\n\n<div class=\"bde-div-270-140 bde-div\">\n  \n  \n\t\n\n\n\n<div class=\"bde-icon-270-141 bde-icon\">\n\n    \n            <div class=\"bde-icon-icon breakdance-icon-atom\" >\n    \n                    <svg xmlns=\"http:\/\/www.w3.org\/2000\/svg\" viewBox=\"0 0 576 512\"><!--! Font Awesome Free 6.5.1 by @fontawesome - https:\/\/fontawesome.com License - https:\/\/fontawesome.com\/license\/free (Icons: CC BY 4.0, Fonts: SIL OFL 1.1, Code: MIT License) Copyright 2023 Fonticons, Inc. --><path d=\"M384 476.1L192 421.2V35.9L384 90.8V476.1zm32-1.2V88.4L543.1 37.5c15.8-6.3 32.9 5.3 32.9 22.3V394.6c0 9.8-6 18.6-15.1 22.3L416 474.8zM15.1 95.1L160 37.2V423.6L32.9 474.5C17.1 480.8 0 469.2 0 452.2V117.4c0-9.8 6-18.6 15.1-22.3z\"\/><\/svg>\n        \n        \n        \n            <\/div>\n    \n\n\n<\/div>\n<\/div><div class=\"bde-text-270-253 bde-text\">\nNov\u00e1 Ves 53<br>79501 Nov\u00e1 Ves (Doln\u00ed Moravice)<br>\u010cesk\u00e1 Republika\n<\/div>\n<\/div>\n<\/div><div class=\"bde-div-270-149 bde-div\">\n  \n  \n\t\n\n\n\n<div class=\"bde-div-270-150 bde-div\">\n  \n  \n\t\n\n\n\n<div class=\"bde-div-270-151 bde-div\">\n  \n  \n\t\n\n\n\n<div class=\"bde-icon-270-152 bde-icon\">\n\n    \n            <div class=\"bde-icon-icon breakdance-icon-atom\" >\n    \n                    <svg xmlns=\"http:\/\/www.w3.org\/2000\/svg\" viewBox=\"0 0 192 512\"><!--! Font Awesome Free 6.5.1 by @fontawesome - https:\/\/fontawesome.com License - https:\/\/fontawesome.com\/license\/free (Icons: CC BY 4.0, Fonts: SIL OFL 1.1, Code: MIT License) Copyright 2023 Fonticons, Inc. --><path d=\"M48 80a48 48 0 1 1 96 0A48 48 0 1 1 48 80zM0 224c0-17.7 14.3-32 32-32H96c17.7 0 32 14.3 32 32V448h32c17.7 0 32 14.3 32 32s-14.3 32-32 32H32c-17.7 0-32-14.3-32-32s14.3-32 32-32H64V256H32c-17.7 0-32-14.3-32-32z\"\/><\/svg>\n        \n        \n        \n            <\/div>\n    \n\n\n<\/div>\n<\/div><div class=\"bde-text-270-254 bde-text\">\nI\u010cO: 123456789\n<\/div>\n<\/div>\n<\/div><div class=\"bde-div-270-256 bde-div\">\n  \n  \n\t\n\n\n\n<div class=\"bde-div-270-257 bde-div\">\n  \n  \n\t\n\n\n\n<div class=\"bde-div-270-258 bde-div\">\n  \n  \n\t\n\n\n\n<div class=\"bde-icon-270-259 bde-icon\">\n\n    \n            <div class=\"bde-icon-icon breakdance-icon-atom\" >\n    \n                    <svg xmlns=\"http:\/\/www.w3.org\/2000\/svg\" viewBox=\"0 0 320 512\"><!--! Font Awesome Free 6.5.1 by @fontawesome - https:\/\/fontawesome.com License - https:\/\/fontawesome.com\/license\/free (Icons: CC BY 4.0, Fonts: SIL OFL 1.1, Code: MIT License) Copyright 2023 Fonticons, Inc. --><path d=\"M16 144a144 144 0 1 1 288 0A144 144 0 1 1 16 144zM160 80c8.8 0 16-7.2 16-16s-7.2-16-16-16c-53 0-96 43-96 96c0 8.8 7.2 16 16 16s16-7.2 16-16c0-35.3 28.7-64 64-64zM128 480V317.1c10.4 1.9 21.1 2.9 32 2.9s21.6-1 32-2.9V480c0 17.7-14.3 32-32 32s-32-14.3-32-32z\"\/><\/svg>\n        \n        \n        \n            <\/div>\n    \n\n\n<\/div>\n<\/div><div class=\"bde-text-270-260 bde-text\">\nGPS: 49.9894693N, 17.275478E\n<\/div>\n<\/div>\n<\/div>\n<\/div>\n<\/div><div class=\"bde-div-270-223 bde-div\">\n  \n  \n\t\n\n\n\n<div class=\"bde-google-map-270-255 bde-google-map\">\r\n<iframe width=\"100%\" height=\"100%\" style=\"border:0\" loading=\"lazy\" title=\"Map\" src=\"https:\/\/maps.google.com\/maps?q=Nov%C3%A1+Ves+53%3Cbr%3E79501+Nov%C3%A1+Ves+%28Doln%C3%AD+Moravice%29%3Cbr%3E%C4%8Cesk%C3%A1+Republika&t=m&z=14&output=embed&iwloc=near\" allowfullscreen><\/iframe>\n<\/div>\n<\/div>\n<\/div><\/div>\n<\/section><section class=\"bde-section-270-252 bde-section\">\n  \n  \n\t\n\n\n\n<div class=\"section-container\"><div class=\"bde-globalblock-270-251 bde-globalblock\"><div class='breakdance'><div class=\"bde-div-245-100-245-1 bde-div bde-div-245-100\">\n  \n  \n\t\n\n\n\n<h1 class=\"bde-heading-245-101-245-1 bde-heading bde-heading-245-101\">\nP\u0159ipraveni na dobrodru\u017estv\u00ed?\n<\/h1><div class=\"bde-text-245-102-245-1 bde-text bde-text-245-102\">\nRezervujte si pobyt a objevte kr\u00e1sy Jesen\u00edk\u016f p\u0159\u00edmo od na\u0161ich dve\u0159\u00ed.\n<\/div><div class=\"bde-button-245-103-245-1 bde-button bde-button-245-103\">\n    \n                        \n                        \n    \n    \n    \n    \n            \n                    \n            \n            \n\n    \n    \n    \n    \n    \n    <a class=\"breakdance-link button-atom button-atom--custom bde-button__button\" href=\"https:\/\/chachata.eu\/rezervace\/\" target=\"_self\" data-type=\"url\"  >\n\n    \n        <span class=\"button-atom__text\">Rezervovat pobyt<\/span>\n\n                            \n        \n                <\/a>\n\n    \n\n\n<\/div>\n<\/div><\/div><\/div><\/div>\n<\/section><\/div>","protected":false},"excerpt":{"rendered":"<p>Kontakt M\u00e1te dotazy ohledn\u011b pobytu nebo rezervace? Nev\u00e1hejte n\u00e1s kontaktovat. Napi\u0161te n\u00e1m Jm\u00e9no* P\u0159\u00edjmen\u00ed Email* Va\u0161e zpr\u00e1va* Odeslat zpr\u00e1vu Kontaktn\u00ed \u00fadaje +420 608 737 868 chachata@chachata.eu Nov\u00e1 Ves 5379501 Nov\u00e1 Ves (Doln\u00ed Moravice)\u010cesk\u00e1 Republika I\u010cO: 123456789 GPS: 49.9894693N, 17.275478E P\u0159ipraveni na dobrodru\u017estv\u00ed? Rezervujte si pobyt a objevte kr\u00e1sy Jesen\u00edk\u016f p\u0159\u00edmo od na\u0161ich dve\u0159\u00ed. Rezervovat pobyt<\/p>","protected":false},"author":1,"featured_media":0,"parent":0,"menu_order":0,"comment_status":"closed","ping_status":"closed","template":"","meta":{"_acf_changed":false,"_breakdance_hide_in_design_set":false,"_breakdance_tags":"","footnotes":""},"class_list":["post-270","page","type-page","status-publish","hentry"],"acf":[],"yoast_head":"<!-- This site is optimized with the Yoast SEO plugin v27.2 - https:\/\/yoast.com\/product\/yoast-seo-wordpress\/ -->\n<title>Kontakt - Chachata<\/title>\n<meta name=\"robots\" content=\"index, follow, max-snippet:-1, max-image-preview:large, max-video-preview:-1\" \/>\n<link rel=\"canonical\" href=\"https:\/\/chachata.eu\/en\/kontakt\/\" \/>\n<meta property=\"og:locale\" content=\"en_GB\" \/>\n<meta property=\"og:type\" content=\"article\" \/>\n<meta property=\"og:title\" content=\"Kontakt - Chachata\" \/>\n<meta property=\"og:description\" content=\"Kontakt M\u00e1te dotazy ohledn\u011b pobytu nebo rezervace? Nev\u00e1hejte n\u00e1s kontaktovat. Napi\u0161te n\u00e1m Jm\u00e9no* P\u0159\u00edjmen\u00ed Email* Va\u0161e zpr\u00e1va* Odeslat zpr\u00e1vu Kontaktn\u00ed \u00fadaje +420 608 737 868 chachata@chachata.eu Nov\u00e1 Ves 5379501 Nov\u00e1 Ves (Doln\u00ed Moravice)\u010cesk\u00e1 Republika I\u010cO: 123456789 GPS: 49.9894693N, 17.275478E P\u0159ipraveni na dobrodru\u017estv\u00ed? Rezervujte si pobyt a objevte kr\u00e1sy Jesen\u00edk\u016f p\u0159\u00edmo od na\u0161ich dve\u0159\u00ed. Rezervovat pobyt\" \/>\n<meta property=\"og:url\" content=\"https:\/\/chachata.eu\/en\/kontakt\/\" \/>\n<meta property=\"og:site_name\" content=\"Chachata\" \/>\n<meta property=\"article:modified_time\" content=\"2026-03-24T19:52:49+00:00\" \/>\n<meta name=\"twitter:card\" content=\"summary_large_image\" \/>\n<script type=\"application\/ld+json\" class=\"yoast-schema-graph\">{\"@context\":\"https:\/\/schema.org\",\"@graph\":[{\"@type\":\"WebPage\",\"@id\":\"https:\/\/chachata.eu\/kontakt\/\",\"url\":\"https:\/\/chachata.eu\/kontakt\/\",\"name\":\"Kontakt - Chachata\",\"isPartOf\":{\"@id\":\"https:\/\/chachata.eu\/#website\"},\"datePublished\":\"2026-02-15T19:42:08+00:00\",\"dateModified\":\"2026-03-24T19:52:49+00:00\",\"breadcrumb\":{\"@id\":\"https:\/\/chachata.eu\/kontakt\/#breadcrumb\"},\"inLanguage\":\"en-GB\",\"potentialAction\":[{\"@type\":\"ReadAction\",\"target\":[\"https:\/\/chachata.eu\/kontakt\/\"]}]},{\"@type\":\"BreadcrumbList\",\"@id\":\"https:\/\/chachata.eu\/kontakt\/#breadcrumb\",\"itemListElement\":[{\"@type\":\"ListItem\",\"position\":1,\"name\":\"Dom\u016f\",\"item\":\"https:\/\/chachata.eu\/\"},{\"@type\":\"ListItem\",\"position\":2,\"name\":\"Kontakt\"}]},{\"@type\":\"WebSite\",\"@id\":\"https:\/\/chachata.eu\/#website\",\"url\":\"https:\/\/chachata.eu\/\",\"name\":\"Chachata\",\"description\":\"\",\"publisher\":{\"@id\":\"https:\/\/chachata.eu\/#organization\"},\"potentialAction\":[{\"@type\":\"SearchAction\",\"target\":{\"@type\":\"EntryPoint\",\"urlTemplate\":\"https:\/\/chachata.eu\/?s={search_term_string}\"},\"query-input\":{\"@type\":\"PropertyValueSpecification\",\"valueRequired\":true,\"valueName\":\"search_term_string\"}}],\"inLanguage\":\"en-GB\"},{\"@type\":\"Organization\",\"@id\":\"https:\/\/chachata.eu\/#organization\",\"name\":\"Chachata\",\"url\":\"https:\/\/chachata.eu\/\",\"logo\":{\"@type\":\"ImageObject\",\"inLanguage\":\"en-GB\",\"@id\":\"https:\/\/chachata.eu\/#\/schema\/logo\/image\/\",\"url\":\"https:\/\/chachata.eu\/wp-content\/uploads\/2026\/01\/cropped-Logo_160x120.jpg\",\"contentUrl\":\"https:\/\/chachata.eu\/wp-content\/uploads\/2026\/01\/cropped-Logo_160x120.jpg\",\"width\":160,\"height\":119,\"caption\":\"Chachata\"},\"image\":{\"@id\":\"https:\/\/chachata.eu\/#\/schema\/logo\/image\/\"}}]}<\/script>\n<!-- \/ Yoast SEO plugin. -->","yoast_head_json":{"title":"Kontakt - Chachata","robots":{"index":"index","follow":"follow","max-snippet":"max-snippet:-1","max-image-preview":"max-image-preview:large","max-video-preview":"max-video-preview:-1"},"canonical":"https:\/\/chachata.eu\/en\/kontakt\/","og_locale":"en_GB","og_type":"article","og_title":"Kontakt - Chachata","og_description":"Kontakt M\u00e1te dotazy ohledn\u011b pobytu nebo rezervace? Nev\u00e1hejte n\u00e1s kontaktovat. Napi\u0161te n\u00e1m Jm\u00e9no* P\u0159\u00edjmen\u00ed Email* Va\u0161e zpr\u00e1va* Odeslat zpr\u00e1vu Kontaktn\u00ed \u00fadaje +420 608 737 868 chachata@chachata.eu Nov\u00e1 Ves 5379501 Nov\u00e1 Ves (Doln\u00ed Moravice)\u010cesk\u00e1 Republika I\u010cO: 123456789 GPS: 49.9894693N, 17.275478E P\u0159ipraveni na dobrodru\u017estv\u00ed? Rezervujte si pobyt a objevte kr\u00e1sy Jesen\u00edk\u016f p\u0159\u00edmo od na\u0161ich dve\u0159\u00ed. Rezervovat pobyt","og_url":"https:\/\/chachata.eu\/en\/kontakt\/","og_site_name":"Chachata","article_modified_time":"2026-03-24T19:52:49+00:00","twitter_card":"summary_large_image","schema":{"@context":"https:\/\/schema.org","@graph":[{"@type":"WebPage","@id":"https:\/\/chachata.eu\/kontakt\/","url":"https:\/\/chachata.eu\/kontakt\/","name":"Kontakt - Chachata","isPartOf":{"@id":"https:\/\/chachata.eu\/#website"},"datePublished":"2026-02-15T19:42:08+00:00","dateModified":"2026-03-24T19:52:49+00:00","breadcrumb":{"@id":"https:\/\/chachata.eu\/kontakt\/#breadcrumb"},"inLanguage":"en-GB","potentialAction":[{"@type":"ReadAction","target":["https:\/\/chachata.eu\/kontakt\/"]}]},{"@type":"BreadcrumbList","@id":"https:\/\/chachata.eu\/kontakt\/#breadcrumb","itemListElement":[{"@type":"ListItem","position":1,"name":"Dom\u016f","item":"https:\/\/chachata.eu\/"},{"@type":"ListItem","position":2,"name":"Kontakt"}]},{"@type":"WebSite","@id":"https:\/\/chachata.eu\/#website","url":"https:\/\/chachata.eu\/","name":"Chachata","description":"","publisher":{"@id":"https:\/\/chachata.eu\/#organization"},"potentialAction":[{"@type":"SearchAction","target":{"@type":"EntryPoint","urlTemplate":"https:\/\/chachata.eu\/?s={search_term_string}"},"query-input":{"@type":"PropertyValueSpecification","valueRequired":true,"valueName":"search_term_string"}}],"inLanguage":"en-GB"},{"@type":"Organization","@id":"https:\/\/chachata.eu\/#organization","name":"Chachata","url":"https:\/\/chachata.eu\/","logo":{"@type":"ImageObject","inLanguage":"en-GB","@id":"https:\/\/chachata.eu\/#\/schema\/logo\/image\/","url":"https:\/\/chachata.eu\/wp-content\/uploads\/2026\/01\/cropped-Logo_160x120.jpg","contentUrl":"https:\/\/chachata.eu\/wp-content\/uploads\/2026\/01\/cropped-Logo_160x120.jpg","width":160,"height":119,"caption":"Chachata"},"image":{"@id":"https:\/\/chachata.eu\/#\/schema\/logo\/image\/"}}]}},"_links":{"self":[{"href":"https:\/\/chachata.eu\/en\/wp-json\/wp\/v2\/pages\/270","targetHints":{"allow":["GET"]}}],"collection":[{"href":"https:\/\/chachata.eu\/en\/wp-json\/wp\/v2\/pages"}],"about":[{"href":"https:\/\/chachata.eu\/en\/wp-json\/wp\/v2\/types\/page"}],"author":[{"embeddable":true,"href":"https:\/\/chachata.eu\/en\/wp-json\/wp\/v2\/users\/1"}],"replies":[{"embeddable":true,"href":"https:\/\/chachata.eu\/en\/wp-json\/wp\/v2\/comments?post=270"}],"version-history":[{"count":18,"href":"https:\/\/chachata.eu\/en\/wp-json\/wp\/v2\/pages\/270\/revisions"}],"predecessor-version":[{"id":541,"href":"https:\/\/chachata.eu\/en\/wp-json\/wp\/v2\/pages\/270\/revisions\/541"}],"wp:attachment":[{"href":"https:\/\/chachata.eu\/en\/wp-json\/wp\/v2\/media?parent=270"}],"curies":[{"name":"wp","href":"https:\/\/api.w.org\/{rel}","templated":true}]}}