{"id":281,"date":"2026-02-15T20:43:43","date_gmt":"2026-02-15T20:43:43","guid":{"rendered":"https:\/\/chachata.vas-webmaster.cz\/?page_id=281"},"modified":"2026-03-24T19:52:52","modified_gmt":"2026-03-24T19:52:52","slug":"rezervace","status":"publish","type":"page","link":"https:\/\/chachata.eu\/en\/rezervace\/","title":{"rendered":"Reservations"},"content":{"rendered":"<div class='breakdance'><section class=\"bde-section-281-232 bde-section\">\n  \n  \n\t\n\n\n\n<div class=\"section-container\"><h1 class=\"bde-heading-281-233 bde-heading\">\nRezervace pobytu<br>\n<\/h1><div class=\"bde-text-281-234 bde-text\">\nZarezervujte si sv\u016fj nezapomenuteln\u00fd pobyt v Chachat\u011b.<br>Vypl\u0148te formul\u00e1\u0159 a my se v\u00e1m ozveme.\n<\/div><\/div>\n<\/section><section class=\"bde-section-281-227 bde-section\">\n  \n  \n\t\n\n\n\n<div class=\"section-container\"><h1 class=\"bde-heading-281-228 bde-heading\">\nKalend\u00e1\u0159 dostupnosti \n<\/h1><\/div>\n<\/section><section class=\"bde-section-281-141 bde-section\">\n  \n  \n\t\n\n\n\n<div class=\"section-container\"><div class=\"bde-div-281-147 bde-div\">\n  \n  \n\t\n\n\n\n<div class=\"bde-div-281-149 bde-div\">\n  \n  \n\t\n\n\n\n<img decoding=\"async\" class=\"bde-image2-281-150 bde-image2\" src=\"https:\/\/chachata.eu\/wp-content\/uploads\/2026\/01\/20251230_082954-scaled.jpg\" loading=\"lazy\" srcset=\"https:\/\/chachata.eu\/wp-content\/uploads\/2026\/01\/20251230_082954-scaled.jpg 2560w, https:\/\/chachata.eu\/wp-content\/uploads\/2026\/01\/20251230_082954-300x225.jpg 300w, https:\/\/chachata.eu\/wp-content\/uploads\/2026\/01\/20251230_082954-1024x768.jpg 1024w, https:\/\/chachata.eu\/wp-content\/uploads\/2026\/01\/20251230_082954-768x576.jpg 768w, https:\/\/chachata.eu\/wp-content\/uploads\/2026\/01\/20251230_082954-1536x1152.jpg 1536w, https:\/\/chachata.eu\/wp-content\/uploads\/2026\/01\/20251230_082954-2048x1536.jpg 2048w\" sizes=\"(max-width: 2560px) 100vw, 2560px\"><div class=\"bde-div-281-151 bde-div\">\n  \n  \n\t\n\n\n\n<img decoding=\"async\" class=\"bde-image2-281-152 bde-image2\" src=\"https:\/\/chachata.eu\/wp-content\/uploads\/2026\/02\/s1-d.jpg\" loading=\"lazy\" srcset=\"https:\/\/chachata.eu\/wp-content\/uploads\/2026\/02\/s1-d.jpg 1024w, https:\/\/chachata.eu\/wp-content\/uploads\/2026\/02\/s1-d-300x200.jpg 300w, https:\/\/chachata.eu\/wp-content\/uploads\/2026\/02\/s1-d-768x512.jpg 768w\" sizes=\"(max-width: 1024px) 100vw, 1024px\"><img decoding=\"async\" class=\"bde-image2-281-153 bde-image2\" src=\"https:\/\/chachata.eu\/wp-content\/uploads\/2026\/01\/IMG_20260104_100430-scaled.jpg\" loading=\"lazy\" srcset=\"https:\/\/chachata.eu\/wp-content\/uploads\/2026\/01\/IMG_20260104_100430-scaled.jpg 2560w, https:\/\/chachata.eu\/wp-content\/uploads\/2026\/01\/IMG_20260104_100430-300x138.jpg 300w, https:\/\/chachata.eu\/wp-content\/uploads\/2026\/01\/IMG_20260104_100430-1024x473.jpg 1024w, https:\/\/chachata.eu\/wp-content\/uploads\/2026\/01\/IMG_20260104_100430-768x354.jpg 768w, https:\/\/chachata.eu\/wp-content\/uploads\/2026\/01\/IMG_20260104_100430-1536x709.jpg 1536w, https:\/\/chachata.eu\/wp-content\/uploads\/2026\/01\/IMG_20260104_100430-2048x945.jpg 2048w\" sizes=\"(max-width: 2560px) 100vw, 2560px\">\n<\/div><div class=\"bde-button-281-226 bde-button\">\n    \n                        \n                        \n    \n    \n    \n    \n            \n            <button type=\"button\" class=\"button-atom button-atom--custom bde-button__button\"  >\n    \n        <span class=\"button-atom__text\">Zobrazit kompletn\u00ed cen\u00edk<\/span>\n\n                            \n        \n            <\/button>\n    \n\n\n<\/div><div class=\"bde-div-281-154 bde-div\">\n  \n  \n\t\n\n\n\n<div class=\"bde-div-281-155 bde-div\">\n  \n  \n\t\n\n\n\n<a class=\"bde-text-link-281-158 bde-text-link breakdance-link\" href=\"#\" target=\"_self\">\n  Pro\u010d Chachata?\n\n<\/a>\n<\/div><div class=\"bde-div-281-159 bde-div\">\n  \n  \n\t\n\n\n\n<div class=\"bde-div-281-160 bde-div\">\n  \n  \n\t\n\n\n\n<div class=\"bde-div-281-156 bde-div\">\n  \n  \n\t\n\n\n\n<div class=\"bde-icon-281-157 bde-icon\">\n\n    \n            <div class=\"bde-icon-icon breakdance-icon-atom\" >\n    \n                    <svg xmlns=\"http:\/\/www.w3.org\/2000\/svg\" viewBox=\"0 0 640 512\"><!--! Font Awesome Free 6.5.1 by @fontawesome - https:\/\/fontawesome.com License - https:\/\/fontawesome.com\/license\/free (Icons: CC BY 4.0, Fonts: SIL OFL 1.1, Code: MIT License) Copyright 2023 Fonticons, Inc. --><path d=\"M320.7 352c8.1-89.7 83.5-160 175.3-160c8.9 0 17.6 .7 26.1 1.9L309.5 7c-6-5-14-7-21-7s-15 1-22 8L10 231.5c-7 7-10 15-10 24c0 18 14 32.1 32 32.1h32v69.7c-.1 .9-.1 1.8-.1 2.8V472c0 22.1 17.9 40 40 40h16c1.2 0 2.4-.1 3.6-.2c1.5 .1 3 .2 4.5 .2H160h24c22.1 0 40-17.9 40-40V448 384c0-17.7 14.3-32 32-32h64l.7 0zM640 368a144 144 0 1 0 -288 0 144 144 0 1 0 288 0zm-76.7-43.3c6.2 6.2 6.2 16.4 0 22.6l-72 72c-6.2 6.2-16.4 6.2-22.6 0l-40-40c-6.2-6.2-6.2-16.4 0-22.6s16.4-6.2 22.6 0L480 385.4l60.7-60.7c6.2-6.2 16.4-6.2 22.6 0z\"\/><\/svg>\n        \n        \n        \n            <\/div>\n    \n\n\n<\/div>\n<\/div><div class=\"bde-text-281-161 bde-text\">\nKapacita a\u017e 18 osob\n<\/div>\n<\/div><div class=\"bde-div-281-162 bde-div\">\n  \n  \n\t\n\n\n\n<div class=\"bde-div-281-163 bde-div\">\n  \n  \n\t\n\n\n\n<div class=\"bde-icon-281-164 bde-icon\">\n\n    \n            <div class=\"bde-icon-icon breakdance-icon-atom\" >\n    \n                    <svg xmlns=\"http:\/\/www.w3.org\/2000\/svg\" viewBox=\"0 0 640 512\"><!--! Font Awesome Free 6.5.1 by @fontawesome - https:\/\/fontawesome.com License - https:\/\/fontawesome.com\/license\/free (Icons: CC BY 4.0, Fonts: SIL OFL 1.1, Code: MIT License) Copyright 2023 Fonticons, Inc. --><path d=\"M560 160A80 80 0 1 0 560 0a80 80 0 1 0 0 160zM55.9 512H381.1h75H578.9c33.8 0 61.1-27.4 61.1-61.1c0-11.2-3.1-22.2-8.9-31.8l-132-216.3C495 196.1 487.8 192 480 192s-15 4.1-19.1 10.7l-48.2 79L286.8 81c-6.6-10.6-18.3-17-30.8-17s-24.1 6.4-30.8 17L8.6 426.4C3 435.3 0 445.6 0 456.1C0 487 25 512 55.9 512z\"\/><\/svg>\n        \n        \n        \n            <\/div>\n    \n\n\n<\/div>\n<\/div><div class=\"bde-text-281-165 bde-text\">\nV\u00fdhled do hor\n<\/div>\n<\/div>\n<\/div><div class=\"bde-div-281-170 bde-div\">\n  \n  \n\t\n\n\n\n<div class=\"bde-div-281-171 bde-div\">\n  \n  \n\t\n\n\n\n<div class=\"bde-div-281-172 bde-div\">\n  \n  \n\t\n\n\n\n<div class=\"bde-icon-281-173 bde-icon\">\n\n    \n            <div class=\"bde-icon-icon breakdance-icon-atom\" >\n    \n                    <svg xmlns=\"http:\/\/www.w3.org\/2000\/svg\" id=\"icon-fire\" viewBox=\"0 0 32 32\">\n<path d=\"M10.031 32c-2.133-4.438-0.997-6.981 0.642-9.376 1.795-2.624 2.258-5.221 2.258-5.221s1.411 1.834 0.847 4.703c2.493-2.775 2.963-7.196 2.587-8.889 5.635 3.938 8.043 12.464 4.798 18.783 17.262-9.767 4.294-24.38 2.036-26.027 0.753 1.646 0.895 4.433-0.625 5.785-2.573-9.759-8.937-11.759-8.937-11.759 0.753 5.033-2.728 10.536-6.084 14.648-0.118-2.007-0.243-3.392-1.298-5.312-0.237 3.646-3.023 6.617-3.777 10.27-1.022 4.946 0.765 8.568 7.555 12.394z\"\/>\n<\/svg>\n        \n        \n        \n            <\/div>\n    \n\n\n<\/div>\n<\/div><div class=\"bde-text-281-174 bde-text\">\nPriv\u00e1tn\u00ed sauna a v\u00ed\u0159ivka\n<\/div>\n<\/div><div class=\"bde-div-281-175 bde-div\">\n  \n  \n\t\n\n\n\n<div class=\"bde-div-281-176 bde-div\">\n  \n  \n\t\n\n\n\n<div class=\"bde-icon-281-177 bde-icon\">\n\n    \n            <div class=\"bde-icon-icon breakdance-icon-atom\" >\n    \n                    <svg xmlns=\"http:\/\/www.w3.org\/2000\/svg\" viewBox=\"0 0 448 512\"><!--! Font Awesome Free 6.5.1 by @fontawesome - https:\/\/fontawesome.com License - https:\/\/fontawesome.com\/license\/free (Icons: CC BY 4.0, Fonts: SIL OFL 1.1, Code: MIT License) Copyright 2023 Fonticons, Inc. --><path d=\"M210.6 5.9L62 169.4c-3.9 4.2-6 9.8-6 15.5C56 197.7 66.3 208 79.1 208H104L30.6 281.4c-4.2 4.2-6.6 10-6.6 16C24 309.9 34.1 320 46.6 320H80L5.4 409.5C1.9 413.7 0 419 0 424.5c0 13 10.5 23.5 23.5 23.5H192v32c0 17.7 14.3 32 32 32s32-14.3 32-32V448H424.5c13 0 23.5-10.5 23.5-23.5c0-5.5-1.9-10.8-5.4-15L368 320h33.4c12.5 0 22.6-10.1 22.6-22.6c0-6-2.4-11.8-6.6-16L344 208h24.9c12.7 0 23.1-10.3 23.1-23.1c0-5.7-2.1-11.3-6-15.5L237.4 5.9C234 2.1 229.1 0 224 0s-10 2.1-13.4 5.9z\"\/><\/svg>\n        \n        \n        \n            <\/div>\n    \n\n\n<\/div>\n<\/div><div class=\"bde-text-281-178 bde-text\">\nP\u0159\u00edroda za dve\u0159mi\n<\/div>\n<\/div>\n<\/div>\n<\/div>\n<\/div><div class=\"bde-div-281-148 bde-div\">\n  \n  \n\t\n\n\n\n<h1 class=\"bde-heading-281-146 bde-heading\">\nRezerva\u010dn\u00ed formul\u00e1\u0159\n<\/h1><div class=\"bde-form-builder-281-145 bde-form-builder\">\n\n<form id=\"rezervacni-formular145\" class=\"breakdance-form breakdance-form--vertical\" data-options=\"{&quot;slug&quot;:&quot;custom&quot;,&quot;name&quot;:&quot;Rezerva\\u010dn\\u00ed formul\\u00e1\\u0159&quot;,&quot;ajaxUrl&quot;:&quot;https:\\\/\\\/chachata.eu\\\/wp-admin\\\/admin-ajax.php&quot;,&quot;clearOnSuccess&quot;:true,&quot;hideOnSuccess&quot;:false,&quot;successMessage&quot;:&quot;Va\\u0161e zpr\\u00e1va byla odesl\\u00e1na.&quot;,&quot;errorMessage&quot;:&quot;N\\u011bco se pokazilo.&quot;,&quot;redirect&quot;:false,&quot;redirectUrl&quot;:&quot;&quot;,&quot;customJavaScript&quot;:&quot;&quot;,&quot;recaptcha&quot;:{&quot;key&quot;:&quot;&quot;,&quot;enabled&quot;:false},&quot;honeypot_enabled&quot;:false,&quot;popupsOnSuccess&quot;:[],&quot;popupsOnError&quot;:[]}\" data-steps=\"0\" >\n  \n  \n  \n<div class=\"breakdance-form-field breakdance-form-field--text\" >\n    \n    \n            <label class=\"breakdance-form-field__label\" for=\"jmeno\">\n            Jm\u00e9no<span class=\"breakdance-form-field__required\">*<\/span>\n        <\/label>\n    \n    <input\n    class=\"breakdance-form-field__input\"\n    id=\"jmeno\"\n    aria-describedby=\"jmeno\"\n    type=\"text\"\n    name=\"fields[jmeno]\"\n    placeholder=\"\"\n    value=\"\"\n                \n        \n        \n    required\n    \n    \n    \n>\n\n\n    \n    \n<\/div>\n\n\n<div class=\"breakdance-form-field breakdance-form-field--text\" >\n    \n    \n            <label class=\"breakdance-form-field__label\" for=\"yhwhbn\">\n            P\u0159\u00edjmen\u00ed<span class=\"breakdance-form-field__required\">*<\/span>\n        <\/label>\n    \n    <input\n    class=\"breakdance-form-field__input\"\n    id=\"yhwhbn\"\n    aria-describedby=\"yhwhbn\"\n    type=\"text\"\n    name=\"fields[yhwhbn]\"\n    placeholder=\"\"\n    value=\"\"\n                \n        \n        \n    required\n    \n    \n    \n>\n\n\n    \n    \n<\/div>\n\n\n<div class=\"breakdance-form-field breakdance-form-field--email\" >\n    \n    \n            <label class=\"breakdance-form-field__label\" for=\"email\">\n            Email<span class=\"breakdance-form-field__required\">*<\/span>\n        <\/label>\n    \n    <input\n    class=\"breakdance-form-field__input\"\n    id=\"email\"\n    aria-describedby=\"email\"\n    type=\"email\"\n    name=\"fields[email]\"\n    placeholder=\"\"\n    value=\"\"\n                \n        \n        \n    required\n    \n    \n    \n>\n\n\n    \n    \n<\/div>\n\n\n<div class=\"breakdance-form-field breakdance-form-field--tel\" >\n    \n    \n            <label class=\"breakdance-form-field__label\" for=\"telefon\">\n            Telefonn\u00ed \u010d\u00edslo\n        <\/label>\n    \n    <input\n    class=\"breakdance-form-field__input\"\n    id=\"telefon\"\n    aria-describedby=\"telefon\"\n    type=\"tel\"\n    name=\"fields[telefon]\"\n    placeholder=\"\"\n    value=\"\"\n                \n        \n        \n    \n    \n    \n    \n>\n\n\n    \n    \n<\/div>\n\n\n<div class=\"breakdance-form-field breakdance-form-field--text\" >\n    \n    \n            <label class=\"breakdance-form-field__label\" for=\"adresa\">\n            Adresa<span class=\"breakdance-form-field__required\">*<\/span>\n        <\/label>\n    \n    <input\n    class=\"breakdance-form-field__input\"\n    id=\"adresa\"\n    aria-describedby=\"adresa\"\n    type=\"text\"\n    name=\"fields[adresa]\"\n    placeholder=\"Ulice, \u010d\u00edslo, m\u011bsto, PS\u010c\"\n    value=\"\"\n                \n        \n        \n    required\n    \n    \n    \n>\n\n\n    \n    \n<\/div>\n\n\n<div class=\"breakdance-form-field breakdance-form-field--date\" >\n    \n    \n            <label class=\"breakdance-form-field__label\" for=\"den-prijezdu\">\n            Den p\u0159\u00edjezdu <span class=\"breakdance-form-field__required\">*<\/span>\n        <\/label>\n    \n    <input\n    class=\"breakdance-form-field__input\"\n    id=\"den-prijezdu\"\n    aria-describedby=\"den-prijezdu\"\n    type=\"date\"\n    name=\"fields[den-prijezdu]\"\n    placeholder=\"\"\n    value=\"\"\n                \n        \n        \n    required\n    \n    \n    \n>\n\n\n    \n    \n<\/div>\n\n\n<div class=\"breakdance-form-field breakdance-form-field--date\" >\n    \n    \n            <label class=\"breakdance-form-field__label\" for=\"den-odjezdu\">\n            Den odjezdu<span class=\"breakdance-form-field__required\">*<\/span>\n        <\/label>\n    \n    <input\n    class=\"breakdance-form-field__input\"\n    id=\"den-odjezdu\"\n    aria-describedby=\"den-odjezdu\"\n    type=\"date\"\n    name=\"fields[den-odjezdu]\"\n    placeholder=\"\"\n    value=\"\"\n                \n        \n        \n    required\n    \n    \n    \n>\n\n\n    \n    \n<\/div>\n\n\n<div class=\"breakdance-form-field breakdance-form-field--number\" >\n    \n    \n            <label class=\"breakdance-form-field__label\" for=\"pocet-dospelych\">\n            Po\u010det dosp\u011bl\u00fdch (od 18 let)<span class=\"breakdance-form-field__required\">*<\/span>\n        <\/label>\n    \n    <input\n    class=\"breakdance-form-field__input\"\n    id=\"pocet-dospelych\"\n    aria-describedby=\"pocet-dospelych\"\n    type=\"number\"\n    name=\"fields[pocet-dospelych]\"\n    placeholder=\"Vyberte..\"\n    value=\"\"\n                \n        \n        \n    required\n    \n    \n    \n>\n\n\n    \n    \n<\/div>\n\n\n<div class=\"breakdance-form-field breakdance-form-field--number\" >\n    \n    \n            <label class=\"breakdance-form-field__label\" for=\"pocet-deti\">\n            Po\u010det d\u011bt\u00ed (0 - 17 let)\n        <\/label>\n    \n    <input\n    class=\"breakdance-form-field__input\"\n    id=\"pocet-deti\"\n    aria-describedby=\"pocet-deti\"\n    type=\"number\"\n    name=\"fields[pocet-deti]\"\n    placeholder=\"Vyberte..\"\n    value=\"\"\n                \n        \n        \n    \n    \n    \n    \n>\n\n\n    \n    \n<\/div>\n\n\n<div class=\"breakdance-form-field breakdance-form-field--number\" >\n    \n    \n            <label class=\"breakdance-form-field__label\" for=\"pocet-zvirat\">\n            Po\u010det zv\u00ed\u0159at (max. 2)\n        <\/label>\n    \n    <input\n    class=\"breakdance-form-field__input\"\n    id=\"pocet-zvirat\"\n    aria-describedby=\"pocet-zvirat\"\n    type=\"number\"\n    name=\"fields[pocet-zvirat]\"\n    placeholder=\"Vyberte..\"\n    value=\"\"\n                \n        \n        \n    \n    \n    \n    \n>\n\n\n    \n    \n<\/div>\n\n\n<div class=\"breakdance-form-field breakdance-form-field--textarea\" >\n    \n    \n            <label class=\"breakdance-form-field__label\" for=\"zprava\">\n            Va\u0161e zpr\u00e1va\n        <\/label>\n    \n    <textarea\n    class=\"breakdance-form-field__input\"\n    id=\"zprava\"\n    aria-describedby=\"zprava\"\n    type=\"textarea\"\n    name=\"fields[zprava]\"\n        placeholder=\"\"\n    \n    >\n<\/textarea>\n\n\n    \n    \n<\/div>\n\n\n<div class=\"breakdance-form-field breakdance-form-field--html\" >\n    \n    \n    \n    <div class=\"form-input-html\"\n    >\n  <div id=\"souhlas\">\nOdeslan\u00edm rezervace z\u00e1rove\u0148 potvrzuji, \u017ee souhlasim s  \n<a href=\"https:\/\/chachata.eu\/wp-content\/uploads\/2026\/03\/Ubytovaci-rad-zkracene-Chachata-2026-cz.pdf\" target=\"_blank\" rel=\"noopener noreferrer\">\nubytovac\u00edm \u0159\u00e1dem.\n<\/a><br>\n<\/div>\n<\/div>\n\n\n    \n    \n<\/div>\n\n\n  \n\n<div class=\"breakdance-form-field breakdance-form-footer\">\n    \n    \n                                    \n    \n    \n    \n    \n            \n            <button type=\"submit\" class=\"button-atom button-atom--primary breakdance-form-button breakdance-form-button__submit\"  >\n    \n        <span class=\"button-atom__text\">Odeslat<\/span>\n\n        \n        \n            <\/button>\n    \n    <input type=\"hidden\" name=\"form_id\" value=\"145\">\n    <input type=\"hidden\" name=\"post_id\" value=\"281\">\n<\/div>\n\n  \n<\/form>\n\n\n<\/div>\n<\/div>\n<\/div><\/div>\n<\/section><\/div>","protected":false},"excerpt":{"rendered":"<p>Rezervace pobytu Zarezervujte si sv\u016fj nezapomenuteln\u00fd pobyt v Chachat\u011b.Vypl\u0148te formul\u00e1\u0159 a my se v\u00e1m ozveme. Kalend\u00e1\u0159 dostupnosti Zobrazit kompletn\u00ed cen\u00edk Pro\u010d Chachata? Kapacita a\u017e 18 osob V\u00fdhled do hor Priv\u00e1tn\u00ed sauna a v\u00ed\u0159ivka P\u0159\u00edroda za dve\u0159mi Rezerva\u010dn\u00ed formul\u00e1\u0159 Jm\u00e9no* P\u0159\u00edjmen\u00ed* Email* Telefonn\u00ed \u010d\u00edslo Adresa* Den p\u0159\u00edjezdu * Den odjezdu* Po\u010det dosp\u011bl\u00fdch (od 18 let)* Po\u010det [&hellip;]<\/p>\n","protected":false},"author":1,"featured_media":0,"parent":0,"menu_order":0,"comment_status":"closed","ping_status":"closed","template":"","meta":{"_acf_changed":false,"_breakdance_hide_in_design_set":false,"_breakdance_tags":"","footnotes":""},"class_list":["post-281","page","type-page","status-publish","hentry"],"acf":[],"yoast_head":"<!-- This site is optimized with the Yoast SEO plugin v27.2 - https:\/\/yoast.com\/product\/yoast-seo-wordpress\/ -->\n<title>Rezervace - Chachata<\/title>\n<meta name=\"robots\" content=\"index, follow, max-snippet:-1, max-image-preview:large, max-video-preview:-1\" \/>\n<link rel=\"canonical\" href=\"https:\/\/chachata.eu\/en\/rezervace\/\" \/>\n<meta property=\"og:locale\" content=\"en_GB\" \/>\n<meta property=\"og:type\" content=\"article\" \/>\n<meta property=\"og:title\" content=\"Rezervace - Chachata\" \/>\n<meta property=\"og:description\" content=\"Rezervace pobytu Zarezervujte si sv\u016fj nezapomenuteln\u00fd pobyt v Chachat\u011b.Vypl\u0148te formul\u00e1\u0159 a my se v\u00e1m ozveme. Kalend\u00e1\u0159 dostupnosti Zobrazit kompletn\u00ed cen\u00edk Pro\u010d Chachata? Kapacita a\u017e 18 osob V\u00fdhled do hor Priv\u00e1tn\u00ed sauna a v\u00ed\u0159ivka P\u0159\u00edroda za dve\u0159mi Rezerva\u010dn\u00ed formul\u00e1\u0159 Jm\u00e9no* P\u0159\u00edjmen\u00ed* Email* Telefonn\u00ed \u010d\u00edslo Adresa* Den p\u0159\u00edjezdu * Den odjezdu* Po\u010det dosp\u011bl\u00fdch (od 18 let)* Po\u010det [&hellip;]\" \/>\n<meta property=\"og:url\" content=\"https:\/\/chachata.eu\/en\/rezervace\/\" \/>\n<meta property=\"og:site_name\" content=\"Chachata\" \/>\n<meta property=\"article:modified_time\" content=\"2026-03-24T19:52:52+00:00\" \/>\n<meta name=\"twitter:card\" content=\"summary_large_image\" \/>\n<meta name=\"twitter:label1\" content=\"Estimated reading time\" \/>\n\t<meta name=\"twitter:data1\" content=\"2 minutes\" \/>\n<script type=\"application\/ld+json\" class=\"yoast-schema-graph\">{\"@context\":\"https:\/\/schema.org\",\"@graph\":[{\"@type\":\"WebPage\",\"@id\":\"https:\/\/chachata.eu\/rezervace\/\",\"url\":\"https:\/\/chachata.eu\/rezervace\/\",\"name\":\"Rezervace - Chachata\",\"isPartOf\":{\"@id\":\"https:\/\/chachata.eu\/#website\"},\"datePublished\":\"2026-02-15T20:43:43+00:00\",\"dateModified\":\"2026-03-24T19:52:52+00:00\",\"breadcrumb\":{\"@id\":\"https:\/\/chachata.eu\/rezervace\/#breadcrumb\"},\"inLanguage\":\"en-GB\",\"potentialAction\":[{\"@type\":\"ReadAction\",\"target\":[\"https:\/\/chachata.eu\/rezervace\/\"]}]},{\"@type\":\"BreadcrumbList\",\"@id\":\"https:\/\/chachata.eu\/rezervace\/#breadcrumb\",\"itemListElement\":[{\"@type\":\"ListItem\",\"position\":1,\"name\":\"Dom\u016f\",\"item\":\"https:\/\/chachata.eu\/\"},{\"@type\":\"ListItem\",\"position\":2,\"name\":\"Rezervace\"}]},{\"@type\":\"WebSite\",\"@id\":\"https:\/\/chachata.eu\/#website\",\"url\":\"https:\/\/chachata.eu\/\",\"name\":\"Chachata\",\"description\":\"\",\"publisher\":{\"@id\":\"https:\/\/chachata.eu\/#organization\"},\"potentialAction\":[{\"@type\":\"SearchAction\",\"target\":{\"@type\":\"EntryPoint\",\"urlTemplate\":\"https:\/\/chachata.eu\/?s={search_term_string}\"},\"query-input\":{\"@type\":\"PropertyValueSpecification\",\"valueRequired\":true,\"valueName\":\"search_term_string\"}}],\"inLanguage\":\"en-GB\"},{\"@type\":\"Organization\",\"@id\":\"https:\/\/chachata.eu\/#organization\",\"name\":\"Chachata\",\"url\":\"https:\/\/chachata.eu\/\",\"logo\":{\"@type\":\"ImageObject\",\"inLanguage\":\"en-GB\",\"@id\":\"https:\/\/chachata.eu\/#\/schema\/logo\/image\/\",\"url\":\"https:\/\/chachata.eu\/wp-content\/uploads\/2026\/01\/cropped-Logo_160x120.jpg\",\"contentUrl\":\"https:\/\/chachata.eu\/wp-content\/uploads\/2026\/01\/cropped-Logo_160x120.jpg\",\"width\":160,\"height\":119,\"caption\":\"Chachata\"},\"image\":{\"@id\":\"https:\/\/chachata.eu\/#\/schema\/logo\/image\/\"}}]}<\/script>\n<!-- \/ Yoast SEO plugin. -->","yoast_head_json":{"title":"Rezervace - Chachata","robots":{"index":"index","follow":"follow","max-snippet":"max-snippet:-1","max-image-preview":"max-image-preview:large","max-video-preview":"max-video-preview:-1"},"canonical":"https:\/\/chachata.eu\/en\/rezervace\/","og_locale":"en_GB","og_type":"article","og_title":"Rezervace - Chachata","og_description":"Rezervace pobytu Zarezervujte si sv\u016fj nezapomenuteln\u00fd pobyt v Chachat\u011b.Vypl\u0148te formul\u00e1\u0159 a my se v\u00e1m ozveme. Kalend\u00e1\u0159 dostupnosti Zobrazit kompletn\u00ed cen\u00edk Pro\u010d Chachata? Kapacita a\u017e 18 osob V\u00fdhled do hor Priv\u00e1tn\u00ed sauna a v\u00ed\u0159ivka P\u0159\u00edroda za dve\u0159mi Rezerva\u010dn\u00ed formul\u00e1\u0159 Jm\u00e9no* P\u0159\u00edjmen\u00ed* Email* Telefonn\u00ed \u010d\u00edslo Adresa* Den p\u0159\u00edjezdu * Den odjezdu* Po\u010det dosp\u011bl\u00fdch (od 18 let)* Po\u010det [&hellip;]","og_url":"https:\/\/chachata.eu\/en\/rezervace\/","og_site_name":"Chachata","article_modified_time":"2026-03-24T19:52:52+00:00","twitter_card":"summary_large_image","twitter_misc":{"Estimated reading time":"2 minutes"},"schema":{"@context":"https:\/\/schema.org","@graph":[{"@type":"WebPage","@id":"https:\/\/chachata.eu\/rezervace\/","url":"https:\/\/chachata.eu\/rezervace\/","name":"Rezervace - Chachata","isPartOf":{"@id":"https:\/\/chachata.eu\/#website"},"datePublished":"2026-02-15T20:43:43+00:00","dateModified":"2026-03-24T19:52:52+00:00","breadcrumb":{"@id":"https:\/\/chachata.eu\/rezervace\/#breadcrumb"},"inLanguage":"en-GB","potentialAction":[{"@type":"ReadAction","target":["https:\/\/chachata.eu\/rezervace\/"]}]},{"@type":"BreadcrumbList","@id":"https:\/\/chachata.eu\/rezervace\/#breadcrumb","itemListElement":[{"@type":"ListItem","position":1,"name":"Dom\u016f","item":"https:\/\/chachata.eu\/"},{"@type":"ListItem","position":2,"name":"Rezervace"}]},{"@type":"WebSite","@id":"https:\/\/chachata.eu\/#website","url":"https:\/\/chachata.eu\/","name":"Chachata","description":"","publisher":{"@id":"https:\/\/chachata.eu\/#organization"},"potentialAction":[{"@type":"SearchAction","target":{"@type":"EntryPoint","urlTemplate":"https:\/\/chachata.eu\/?s={search_term_string}"},"query-input":{"@type":"PropertyValueSpecification","valueRequired":true,"valueName":"search_term_string"}}],"inLanguage":"en-GB"},{"@type":"Organization","@id":"https:\/\/chachata.eu\/#organization","name":"Chachata","url":"https:\/\/chachata.eu\/","logo":{"@type":"ImageObject","inLanguage":"en-GB","@id":"https:\/\/chachata.eu\/#\/schema\/logo\/image\/","url":"https:\/\/chachata.eu\/wp-content\/uploads\/2026\/01\/cropped-Logo_160x120.jpg","contentUrl":"https:\/\/chachata.eu\/wp-content\/uploads\/2026\/01\/cropped-Logo_160x120.jpg","width":160,"height":119,"caption":"Chachata"},"image":{"@id":"https:\/\/chachata.eu\/#\/schema\/logo\/image\/"}}]}},"_links":{"self":[{"href":"https:\/\/chachata.eu\/en\/wp-json\/wp\/v2\/pages\/281","targetHints":{"allow":["GET"]}}],"collection":[{"href":"https:\/\/chachata.eu\/en\/wp-json\/wp\/v2\/pages"}],"about":[{"href":"https:\/\/chachata.eu\/en\/wp-json\/wp\/v2\/types\/page"}],"author":[{"embeddable":true,"href":"https:\/\/chachata.eu\/en\/wp-json\/wp\/v2\/users\/1"}],"replies":[{"embeddable":true,"href":"https:\/\/chachata.eu\/en\/wp-json\/wp\/v2\/comments?post=281"}],"version-history":[{"count":32,"href":"https:\/\/chachata.eu\/en\/wp-json\/wp\/v2\/pages\/281\/revisions"}],"predecessor-version":[{"id":540,"href":"https:\/\/chachata.eu\/en\/wp-json\/wp\/v2\/pages\/281\/revisions\/540"}],"wp:attachment":[{"href":"https:\/\/chachata.eu\/en\/wp-json\/wp\/v2\/media?parent=281"}],"curies":[{"name":"wp","href":"https:\/\/api.w.org\/{rel}","templated":true}]}}