{"id":291,"date":"2026-02-15T20:45:05","date_gmt":"2026-02-15T20:45:05","guid":{"rendered":"https:\/\/chachata.vas-webmaster.cz\/?page_id=291"},"modified":"2026-03-21T15:48:42","modified_gmt":"2026-03-21T15:48:42","slug":"cenik","status":"publish","type":"page","link":"https:\/\/chachata.eu\/en\/cenik\/","title":{"rendered":"Price list"},"content":{"rendered":"<div class='breakdance'><section class=\"bde-section-291-100 bde-section\">\n  \n  \n\t\n\n\n\n<div class=\"section-container\"><h1 class=\"bde-heading-291-101 bde-heading\">\nPrice list of the stay\n<\/h1><div class=\"bde-text-291-102 bde-text\">\nThe cottage is rented as a whole, the maximum capacity is 18 people. The total price consists of accommodation and energy according to the current consumption. Guests are alone in the cottage for the duration of their stay, the caretaker does not live in the property.\n<\/div><\/div>\n<\/section><section class=\"bde-section-291-104 bde-section\">\n  \n  \n\t\n\n\n\n<div class=\"section-container\"><div class=\"bde-div-291-114 bde-div\">\n  \n  \n\t\n\n\n\n<div class=\"bde-div-291-115 bde-div\">\n  \n  \n\t\n\n\n\n<h1 class=\"bde-heading-291-116 bde-heading\">\nMain season\n<\/h1><div class=\"bde-text-291-117 bde-text\">\n15.6. - 15.9. a 15.12. - 15.3.\n<\/div><div class=\"bde-div-291-118 bde-div\">\n  \n  \n\t\n\n\n\n<div class=\"bde-text-291-119 bde-text\">\n2 nights\n<\/div><div class=\"bde-text-291-120 bde-text\">\n13 000 CZK\n<\/div>\n<\/div><div class=\"bde-fancy-divider-291-124 bde-fancy-divider\">\n\n\n<div class=\"bde-fancy-divider__wrapper\">\n  <div class=\"bde-fancy-divider__separator\">\n  \t  <\/div>\n<\/div>\n\n<\/div><div class=\"bde-div-291-121 bde-div\">\n  \n  \n\t\n\n\n\n<div class=\"bde-text-291-122 bde-text\">\n3 nights\n<\/div><div class=\"bde-text-291-123 bde-text\">\n16 000 CZK\n<\/div>\n<\/div><div class=\"bde-fancy-divider-291-125 bde-fancy-divider\">\n\n\n<div class=\"bde-fancy-divider__wrapper\">\n  <div class=\"bde-fancy-divider__separator\">\n  \t  <\/div>\n<\/div>\n\n<\/div><div class=\"bde-div-291-126 bde-div\">\n  \n  \n\t\n\n\n\n<div class=\"bde-text-291-127 bde-text\">\n4 nights\n<\/div><div class=\"bde-text-291-128 bde-text\">\n19 000 CZK\n<\/div>\n<\/div><div class=\"bde-fancy-divider-291-129 bde-fancy-divider\">\n\n\n<div class=\"bde-fancy-divider__wrapper\">\n  <div class=\"bde-fancy-divider__separator\">\n  \t  <\/div>\n<\/div>\n\n<\/div><div class=\"bde-div-291-130 bde-div\">\n  \n  \n\t\n\n\n\n<div class=\"bde-text-291-131 bde-text\">\n5 nights\n<\/div><div class=\"bde-text-291-132 bde-text\">\n22 000 CZK\n<\/div>\n<\/div><div class=\"bde-fancy-divider-291-221 bde-fancy-divider\">\n\n\n<div class=\"bde-fancy-divider__wrapper\">\n  <div class=\"bde-fancy-divider__separator\">\n  \t  <\/div>\n<\/div>\n\n<\/div><div class=\"bde-div-291-218 bde-div\">\n  \n  \n\t\n\n\n\n<div class=\"bde-text-291-219 bde-text\">\n6 nights\n<\/div><div class=\"bde-text-291-220 bde-text\">\n25 000 CZK\n<\/div>\n<\/div><div class=\"bde-fancy-divider-291-133 bde-fancy-divider\">\n\n\n<div class=\"bde-fancy-divider__wrapper\">\n  <div class=\"bde-fancy-divider__separator\">\n  \t  <\/div>\n<\/div>\n\n<\/div><div class=\"bde-div-291-134 bde-div\">\n  \n  \n\t\n\n\n\n<div class=\"bde-text-291-135 bde-text\">\n7 nights (one week)\n<\/div><div class=\"bde-text-291-136 bde-text\">\n28 000 CZK\n<\/div>\n<\/div><div class=\"bde-text-291-138 bde-text\">\n* In February, March, July and August mostly only weekly stays\n<\/div>\n<\/div><div class=\"bde-div-291-139 bde-div\">\n  \n  \n\t\n\n\n\n<h1 class=\"bde-heading-291-140 bde-heading\">\nLow season\n<\/h1><div class=\"bde-text-291-141 bde-text\">\n16.9. - 14.12. a 16.03. - 14.6.\n<\/div><div class=\"bde-div-291-142 bde-div\">\n  \n  \n\t\n\n\n\n<div class=\"bde-text-291-143 bde-text\">\n2 nights\n<\/div><div class=\"bde-text-291-144 bde-text\">\n11 000 CZK\n<\/div>\n<\/div><div class=\"bde-fancy-divider-291-145 bde-fancy-divider\">\n\n\n<div class=\"bde-fancy-divider__wrapper\">\n  <div class=\"bde-fancy-divider__separator\">\n  \t  <\/div>\n<\/div>\n\n<\/div><div class=\"bde-div-291-146 bde-div\">\n  \n  \n\t\n\n\n\n<div class=\"bde-text-291-147 bde-text\">\n3 nights\n<\/div><div class=\"bde-text-291-148 bde-text\">\n13 000 CZK\n<\/div>\n<\/div><div class=\"bde-fancy-divider-291-149 bde-fancy-divider\">\n\n\n<div class=\"bde-fancy-divider__wrapper\">\n  <div class=\"bde-fancy-divider__separator\">\n  \t  <\/div>\n<\/div>\n\n<\/div><div class=\"bde-div-291-150 bde-div\">\n  \n  \n\t\n\n\n\n<div class=\"bde-text-291-151 bde-text\">\n4 nights\n<\/div><div class=\"bde-text-291-152 bde-text\">\n15 000 CZK\n<\/div>\n<\/div><div class=\"bde-fancy-divider-291-153 bde-fancy-divider\">\n\n\n<div class=\"bde-fancy-divider__wrapper\">\n  <div class=\"bde-fancy-divider__separator\">\n  \t  <\/div>\n<\/div>\n\n<\/div><div class=\"bde-div-291-154 bde-div\">\n  \n  \n\t\n\n\n\n<div class=\"bde-text-291-155 bde-text\">\n5 nights\n<\/div><div class=\"bde-text-291-156 bde-text\">\n16 000 CZK\n<\/div>\n<\/div><div class=\"bde-fancy-divider-291-225 bde-fancy-divider\">\n\n\n<div class=\"bde-fancy-divider__wrapper\">\n  <div class=\"bde-fancy-divider__separator\">\n  \t  <\/div>\n<\/div>\n\n<\/div><div class=\"bde-div-291-222 bde-div\">\n  \n  \n\t\n\n\n\n<div class=\"bde-text-291-223 bde-text\">\n6 nights\n<\/div><div class=\"bde-text-291-224 bde-text\">\n17 000 CZK\n<\/div>\n<\/div><div class=\"bde-fancy-divider-291-157 bde-fancy-divider\">\n\n\n<div class=\"bde-fancy-divider__wrapper\">\n  <div class=\"bde-fancy-divider__separator\">\n  \t  <\/div>\n<\/div>\n\n<\/div><div class=\"bde-div-291-158 bde-div\">\n  \n  \n\t\n\n\n\n<div class=\"bde-text-291-159 bde-text\">\n7 nights (one week)\n<\/div><div class=\"bde-text-291-160 bde-text\">\n18 000 CZK\n<\/div>\n<\/div><div class=\"bde-text-291-161 bde-text\">\n\n<\/div>\n<\/div>\n<\/div><div class=\"bde-div-291-162 bde-div\">\n  \n  \n\t\n\n\n\n<h1 class=\"bde-heading-291-163 bde-heading\">\nChristmas, New Year's Eve, Easter\n<\/h1><div class=\"bde-div-291-165 bde-div\">\n  \n  \n\t\n\n\n\n<div class=\"bde-text-291-166 bde-text\">\nNew Year's Eve - between 28.12.26 - 03.01.27 \n<\/div><div class=\"bde-text-291-167 bde-text\">\n55 000 CZK \n<\/div>\n<\/div><div class=\"bde-fancy-divider-291-168 bde-fancy-divider\">\n\n\n<div class=\"bde-fancy-divider__wrapper\">\n  <div class=\"bde-fancy-divider__separator\">\n  \t  <\/div>\n<\/div>\n\n<\/div><div class=\"bde-div-291-169 bde-div\">\n  \n  \n\t\n\n\n\n<div class=\"bde-text-291-170 bde-text\">\nChristmas - minimum stay is 3 nights\n<\/div><div class=\"bde-text-291-171 bde-text\">\n7 000 CZK \/ night\n<\/div>\n<\/div><div class=\"bde-fancy-divider-291-172 bde-fancy-divider\">\n\n\n<div class=\"bde-fancy-divider__wrapper\">\n  <div class=\"bde-fancy-divider__separator\">\n  \t  <\/div>\n<\/div>\n\n<\/div><div class=\"bde-div-291-173 bde-div\">\n  \n  \n\t\n\n\n\n<div class=\"bde-text-291-174 bde-text\">\nSpring holidays - weekly stays only (Saturday - Saturday)\n<\/div><div class=\"bde-text-291-175 bde-text\">\n28 000 CZK\n<\/div>\n<\/div><div class=\"bde-fancy-divider-291-176 bde-fancy-divider\">\n\n\n<div class=\"bde-fancy-divider__wrapper\">\n  <div class=\"bde-fancy-divider__separator\">\n  \t  <\/div>\n<\/div>\n\n<\/div><div class=\"bde-div-291-177 bde-div\">\n  \n  \n\t\n\n\n\n<div class=\"bde-text-291-178 bde-text\">\nEaster - minimum stay is 4 nights\n<\/div><div class=\"bde-text-291-179 bde-text\">\n5 000 CZK \/night\n<\/div>\n<\/div>\n<\/div><div class=\"bde-div-291-185 bde-div\">\n  \n  \n\t\n\n\n\n<div class=\"bde-div-291-186 bde-div\">\n  \n  \n\t\n\n\n\n<div class=\"bde-div-291-187 bde-div\">\n  \n  \n\t\n\n\n\n<div class=\"bde-div-291-188 bde-div\">\n  \n  \n\t\n\n\n\n<div class=\"bde-icon-291-189 bde-icon\">\n\n    \n            <div class=\"bde-icon-icon breakdance-icon-atom\" >\n    \n                    <svg xmlns=\"http:\/\/www.w3.org\/2000\/svg\" viewbox=\"0 0 576 512\"><!--! Font Awesome Free 6.5.1 by @fontawesome - https:\/\/fontawesome.com License - https:\/\/fontawesome.com\/license\/free (Icons: CC BY 4.0, Fonts: SIL OFL 1.1, Code: MIT License) Copyright 2023 Fonticons, Inc. --><path d=\"M309.6 158.5L332.7 19.8C334.6 8.4 344.5 0 356.1 0c7.5 0 14.5 3.5 19 9.5L392 32h52.1c12.7 0 24.9 5.1 33.9 14.1L496 64h56c13.3 0 24 10.7 24 24v24c0 44.2-35.8 80-80 80H464 448 426.7l-5.1 30.5-112-64zM416 256.1L416 480c0 17.7-14.3 32-32 32H352c-17.7 0-32-14.3-32-32V364.8c-24 12.3-51.2 19.2-80 19.2s-56-6.9-80-19.2V480c0 17.7-14.3 32-32 32H96c-17.7 0-32-14.3-32-32V249.8c-28.8-10.9-51.4-35.3-59.2-66.5L1 167.8c-4.3-17.1 6.1-34.5 23.3-38.8s34.5 6.1 38.8 23.3l3.9 15.5C70.5 182 83.3 192 98 192h30 16H303.8L416 256.1zM464 80a16 16 0 1 0 -32 0 16 16 0 1 0 32 0z\"\/><\/svg>\n        \n        \n        \n            <\/div>\n    \n\n\n<\/div>\n<\/div><div class=\"bde-div-291-193 bde-div\">\n  \n  \n\t\n\n\n\n<div class=\"bde-text-291-192 bde-text\">\nPets\n<\/div><div class=\"bde-text-291-194 bde-text\">\nPets are welcome! The fee for pets is 150 CZK\/night.\n<\/div><ul class=\"bde-basic-list-291-195 bde-basic-list\">\n  <li  >    \n          Dogs are not allowed to run loose outside the cottage property\n      <\/li>\n  <li  >    \n          Pets not allowed on beds and sofas\n      <\/li>\n  <li  >    \n          Cleaning up after pets is mandatory\n      <\/li>\n<\/ul>\n<\/div>\n<\/div>\n<\/div><div class=\"bde-div-291-204 bde-div\">\n  \n  \n\t\n\n\n\n<div class=\"bde-div-291-205 bde-div\">\n  \n  \n\t\n\n\n\n<div class=\"bde-div-291-206 bde-div\">\n  \n  \n\t\n\n\n\n<div class=\"bde-icon-291-207 bde-icon\">\n\n    \n            <div class=\"bde-icon-icon breakdance-icon-atom\" >\n    \n                    <svg xmlns=\"http:\/\/www.w3.org\/2000\/svg\" viewbox=\"0 0 192 512\"><!--! Font Awesome Free 6.5.1 by @fontawesome - https:\/\/fontawesome.com License - https:\/\/fontawesome.com\/license\/free (Icons: CC BY 4.0, Fonts: SIL OFL 1.1, Code: MIT License) Copyright 2023 Fonticons, Inc. --><path d=\"M48 80a48 48 0 1 1 96 0A48 48 0 1 1 48 80zM0 224c0-17.7 14.3-32 32-32H96c17.7 0 32 14.3 32 32V448h32c17.7 0 32 14.3 32 32s-14.3 32-32 32H32c-17.7 0-32-14.3-32-32s14.3-32 32-32H64V256H32c-17.7 0-32-14.3-32-32z\"\/><\/svg>\n        \n        \n        \n            <\/div>\n    \n\n\n<\/div>\n<\/div><div class=\"bde-div-291-208 bde-div\">\n  \n  \n\t\n\n\n\n<div class=\"bde-text-291-209 bde-text\">\nImportant information\n<\/div><ul class=\"bde-basic-list-291-211 bde-basic-list\">\n  <li  >    \n          Prices for the whole cottage (max. 18 persons)\n      <\/li>\n  <li  >    \n          Energy is not included in the price, it is charged according to actual consumption\n      <\/li>\n  <li  >    \n          Deposit 5 000 - 8000 CZK\n      <\/li>\n  <li  >    \n          Payment 7 days before arrival\n      <\/li>\n  <li  >    \n          Tourist tax 20 CZK\/night for persons 18-70 years old\n      <\/li>\n  <li  >    \n          Cleaning (if guests do not want to do the final cleaning themselves) 2000 CZK\n      <\/li>\n  <li  >    \n          Hire of a tap with cooling 300 CZK\/weekend, 600 CZK\/week \n      <\/li>\n<\/ul>\n<\/div>\n<\/div>\n<\/div>\n<\/div><\/div>\n<\/section><section class=\"bde-section-291-212 bde-section\">\n  \n  \n\t\n\n\n\n<div class=\"section-container\"><h1 class=\"bde-heading-291-213 bde-heading\">\nAvailability calendar \n<\/h1><div class=\"bde-globalblock-291-214 bde-globalblock\"><div class='breakdance'><div class=\"bde-div-245-100-245-1 bde-div bde-div-245-100\">\n  \n  \n\t\n\n\n\n<h1 class=\"bde-heading-245-101-245-1 bde-heading bde-heading-245-101\">\nReady for an adventure?\n<\/h1><div class=\"bde-text-245-102-245-1 bde-text bde-text-245-102\">\nBook your stay and discover the beauty of Jesen\u00edky right from our door.\n<\/div><div class=\"bde-button-245-103-245-1 bde-button bde-button-245-103\">\n    \n                        \n                        \n    \n    \n    \n    \n            \n                    \n            \n            \n\n    \n    \n    \n    \n    \n    <a class=\"breakdance-link button-atom button-atom--custom bde-button__button\" href=\"https:\/\/chachata.eu\/en\/rezervace\/\" target=\"_self\" data-type=\"url\"  >\n\n    \n        <span class=\"button-atom__text\">Book your stay<\/span>\n\n                            \n        \n                <\/a>\n\n    \n\n\n<\/div>\n<\/div><\/div><\/div><\/div>\n<\/section><\/div>","protected":false},"excerpt":{"rendered":"<p>Cen\u00edk pobytu Chata je pronaj\u00edm\u00e1na jako celek, maxim\u00e1ln\u00ed kapacita je 18 osob. Celkov\u00e1 cena se skl\u00e1d\u00e1 z cen za ubytov\u00e1n\u00ed a energi\u00ed dle aktu\u00e1ln\u00ed spot\u0159eby. Host\u00e9 jsou po dobu pobytu na chat\u011b sami, spr\u00e1vce v objektu nebydl\u00ed. Hlavn\u00ed sez\u00f3na 15.6. \u2013 15.9. a 15.12. \u2013 15.3. 2 noci 13 000 K\u010d 3 noci 16 000 [&hellip;]<\/p>\n","protected":false},"author":1,"featured_media":0,"parent":0,"menu_order":0,"comment_status":"closed","ping_status":"closed","template":"","meta":{"_acf_changed":false,"_breakdance_hide_in_design_set":false,"_breakdance_tags":"","footnotes":""},"class_list":["post-291","page","type-page","status-publish","hentry"],"acf":[],"yoast_head":"<!-- This site is optimized with the Yoast SEO plugin v27.2 - https:\/\/yoast.com\/product\/yoast-seo-wordpress\/ -->\n<title>Cen\u00edk - Chachata<\/title>\n<meta name=\"robots\" content=\"index, follow, max-snippet:-1, max-image-preview:large, max-video-preview:-1\" \/>\n<link rel=\"canonical\" href=\"https:\/\/chachata.eu\/en\/cenik\/\" \/>\n<meta property=\"og:locale\" content=\"en_GB\" \/>\n<meta property=\"og:type\" content=\"article\" \/>\n<meta property=\"og:title\" content=\"Cen\u00edk - Chachata\" \/>\n<meta property=\"og:description\" content=\"Cen\u00edk pobytu Chata je pronaj\u00edm\u00e1na jako celek, maxim\u00e1ln\u00ed kapacita je 18 osob. Celkov\u00e1 cena se skl\u00e1d\u00e1 z cen za ubytov\u00e1n\u00ed a energi\u00ed dle aktu\u00e1ln\u00ed spot\u0159eby. Host\u00e9 jsou po dobu pobytu na chat\u011b sami, spr\u00e1vce v objektu nebydl\u00ed. Hlavn\u00ed sez\u00f3na 15.6. \u2013 15.9. a 15.12. \u2013 15.3. 2 noci 13 000 K\u010d 3 noci 16 000 [&hellip;]\" \/>\n<meta property=\"og:url\" content=\"https:\/\/chachata.eu\/en\/cenik\/\" \/>\n<meta property=\"og:site_name\" content=\"Chachata\" \/>\n<meta property=\"article:modified_time\" content=\"2026-03-21T15:48:42+00:00\" \/>\n<meta name=\"twitter:card\" content=\"summary_large_image\" \/>\n<script type=\"application\/ld+json\" class=\"yoast-schema-graph\">{\"@context\":\"https:\/\/schema.org\",\"@graph\":[{\"@type\":\"WebPage\",\"@id\":\"https:\/\/chachata.eu\/cenik\/\",\"url\":\"https:\/\/chachata.eu\/cenik\/\",\"name\":\"Cen\u00edk - Chachata\",\"isPartOf\":{\"@id\":\"https:\/\/chachata.eu\/#website\"},\"datePublished\":\"2026-02-15T20:45:05+00:00\",\"dateModified\":\"2026-03-21T15:48:42+00:00\",\"breadcrumb\":{\"@id\":\"https:\/\/chachata.eu\/cenik\/#breadcrumb\"},\"inLanguage\":\"en-GB\",\"potentialAction\":[{\"@type\":\"ReadAction\",\"target\":[\"https:\/\/chachata.eu\/cenik\/\"]}]},{\"@type\":\"BreadcrumbList\",\"@id\":\"https:\/\/chachata.eu\/cenik\/#breadcrumb\",\"itemListElement\":[{\"@type\":\"ListItem\",\"position\":1,\"name\":\"Dom\u016f\",\"item\":\"https:\/\/chachata.eu\/\"},{\"@type\":\"ListItem\",\"position\":2,\"name\":\"Cen\u00edk\"}]},{\"@type\":\"WebSite\",\"@id\":\"https:\/\/chachata.eu\/#website\",\"url\":\"https:\/\/chachata.eu\/\",\"name\":\"Chachata\",\"description\":\"\",\"publisher\":{\"@id\":\"https:\/\/chachata.eu\/#organization\"},\"potentialAction\":[{\"@type\":\"SearchAction\",\"target\":{\"@type\":\"EntryPoint\",\"urlTemplate\":\"https:\/\/chachata.eu\/?s={search_term_string}\"},\"query-input\":{\"@type\":\"PropertyValueSpecification\",\"valueRequired\":true,\"valueName\":\"search_term_string\"}}],\"inLanguage\":\"en-GB\"},{\"@type\":\"Organization\",\"@id\":\"https:\/\/chachata.eu\/#organization\",\"name\":\"Chachata\",\"url\":\"https:\/\/chachata.eu\/\",\"logo\":{\"@type\":\"ImageObject\",\"inLanguage\":\"en-GB\",\"@id\":\"https:\/\/chachata.eu\/#\/schema\/logo\/image\/\",\"url\":\"https:\/\/chachata.eu\/wp-content\/uploads\/2026\/01\/cropped-Logo_160x120.jpg\",\"contentUrl\":\"https:\/\/chachata.eu\/wp-content\/uploads\/2026\/01\/cropped-Logo_160x120.jpg\",\"width\":160,\"height\":119,\"caption\":\"Chachata\"},\"image\":{\"@id\":\"https:\/\/chachata.eu\/#\/schema\/logo\/image\/\"}}]}<\/script>\n<!-- \/ Yoast SEO plugin. -->","yoast_head_json":{"title":"Cen\u00edk - Chachata","robots":{"index":"index","follow":"follow","max-snippet":"max-snippet:-1","max-image-preview":"max-image-preview:large","max-video-preview":"max-video-preview:-1"},"canonical":"https:\/\/chachata.eu\/en\/cenik\/","og_locale":"en_GB","og_type":"article","og_title":"Cen\u00edk - Chachata","og_description":"Cen\u00edk pobytu Chata je pronaj\u00edm\u00e1na jako celek, maxim\u00e1ln\u00ed kapacita je 18 osob. Celkov\u00e1 cena se skl\u00e1d\u00e1 z cen za ubytov\u00e1n\u00ed a energi\u00ed dle aktu\u00e1ln\u00ed spot\u0159eby. Host\u00e9 jsou po dobu pobytu na chat\u011b sami, spr\u00e1vce v objektu nebydl\u00ed. Hlavn\u00ed sez\u00f3na 15.6. \u2013 15.9. a 15.12. \u2013 15.3. 2 noci 13 000 K\u010d 3 noci 16 000 [&hellip;]","og_url":"https:\/\/chachata.eu\/en\/cenik\/","og_site_name":"Chachata","article_modified_time":"2026-03-21T15:48:42+00:00","twitter_card":"summary_large_image","schema":{"@context":"https:\/\/schema.org","@graph":[{"@type":"WebPage","@id":"https:\/\/chachata.eu\/cenik\/","url":"https:\/\/chachata.eu\/cenik\/","name":"Cen\u00edk - Chachata","isPartOf":{"@id":"https:\/\/chachata.eu\/#website"},"datePublished":"2026-02-15T20:45:05+00:00","dateModified":"2026-03-21T15:48:42+00:00","breadcrumb":{"@id":"https:\/\/chachata.eu\/cenik\/#breadcrumb"},"inLanguage":"en-GB","potentialAction":[{"@type":"ReadAction","target":["https:\/\/chachata.eu\/cenik\/"]}]},{"@type":"BreadcrumbList","@id":"https:\/\/chachata.eu\/cenik\/#breadcrumb","itemListElement":[{"@type":"ListItem","position":1,"name":"Dom\u016f","item":"https:\/\/chachata.eu\/"},{"@type":"ListItem","position":2,"name":"Cen\u00edk"}]},{"@type":"WebSite","@id":"https:\/\/chachata.eu\/#website","url":"https:\/\/chachata.eu\/","name":"Chachata","description":"","publisher":{"@id":"https:\/\/chachata.eu\/#organization"},"potentialAction":[{"@type":"SearchAction","target":{"@type":"EntryPoint","urlTemplate":"https:\/\/chachata.eu\/?s={search_term_string}"},"query-input":{"@type":"PropertyValueSpecification","valueRequired":true,"valueName":"search_term_string"}}],"inLanguage":"en-GB"},{"@type":"Organization","@id":"https:\/\/chachata.eu\/#organization","name":"Chachata","url":"https:\/\/chachata.eu\/","logo":{"@type":"ImageObject","inLanguage":"en-GB","@id":"https:\/\/chachata.eu\/#\/schema\/logo\/image\/","url":"https:\/\/chachata.eu\/wp-content\/uploads\/2026\/01\/cropped-Logo_160x120.jpg","contentUrl":"https:\/\/chachata.eu\/wp-content\/uploads\/2026\/01\/cropped-Logo_160x120.jpg","width":160,"height":119,"caption":"Chachata"},"image":{"@id":"https:\/\/chachata.eu\/#\/schema\/logo\/image\/"}}]}},"_links":{"self":[{"href":"https:\/\/chachata.eu\/en\/wp-json\/wp\/v2\/pages\/291","targetHints":{"allow":["GET"]}}],"collection":[{"href":"https:\/\/chachata.eu\/en\/wp-json\/wp\/v2\/pages"}],"about":[{"href":"https:\/\/chachata.eu\/en\/wp-json\/wp\/v2\/types\/page"}],"author":[{"embeddable":true,"href":"https:\/\/chachata.eu\/en\/wp-json\/wp\/v2\/users\/1"}],"replies":[{"embeddable":true,"href":"https:\/\/chachata.eu\/en\/wp-json\/wp\/v2\/comments?post=291"}],"version-history":[{"count":16,"href":"https:\/\/chachata.eu\/en\/wp-json\/wp\/v2\/pages\/291\/revisions"}],"predecessor-version":[{"id":488,"href":"https:\/\/chachata.eu\/en\/wp-json\/wp\/v2\/pages\/291\/revisions\/488"}],"wp:attachment":[{"href":"https:\/\/chachata.eu\/en\/wp-json\/wp\/v2\/media?parent=291"}],"curies":[{"name":"wp","href":"https:\/\/api.w.org\/{rel}","templated":true}]}}